{"id":210,"date":"2017-03-30T17:19:06","date_gmt":"2017-03-30T17:19:06","guid":{"rendered":"http:\/\/localhost\/apmateo\/hr\/?page_id=210"},"modified":"2023-07-05T16:32:09","modified_gmt":"2023-07-05T16:32:09","slug":"dobrodosli-u-apartmane-mateo","status":"publish","type":"page","link":"https:\/\/apartment-mateo.com\/hr\/","title":{"rendered":"Dobrodo\u0161li u Apartmane Mateo!"},"content":{"rendered":"<p>Apartmani Mateo su smje\u0161teni u malom mediteranskom mjestu Ba\u0161ka Voda i udaljeni su samo 180 metara od prekrasnih sljun\u010danih pla\u017ea sa kristalno \u010distim morem, idealno mjesto za sve koji \u017eele u\u017eivati u mirnom okru\u017eenju i biti u blizini Makarske.<\/p>\n<p>Pozivamo vas da provedete nezaboravne trenutke na pla\u017ei i u\u017eivate u jedinstvenom \u0161armu Ba\u0161ke Vode.<\/p>\n<p>U sklopu objekta se nalaze dva apartmana 6+2. Svi apartmani su klimatizirani i imaju TV, DVD i osigurano parking mjesto.<\/p>\n","protected":false},"excerpt":{"rendered":"<p>Apartmani Mateo su smje\u0161teni u malom mediteranskom mjestu Ba\u0161ka Voda i udaljeni su samo 180 metara od prekrasnih sljun\u010danih pla\u017ea sa kristalno \u010distim morem, idealno mjesto za sve koji \u017eele u\u017eivati u mirnom okru\u017eenju i biti u blizini Makarske. Pozivamo vas da provedete nezaboravne trenutke na pla\u017ei i u\u017eivate u jedinstvenom \u0161armu Ba\u0161ke Vode. U &hellip; <\/p>\n<p class=\"link-more\"><a href=\"https:\/\/apartment-mateo.com\/hr\/\" class=\"more-link\">Nastavi \u010ditati<span class=\"screen-reader-text\"> &#8220;Dobrodo\u0161li u Apartmane Mateo!&#8221;<\/span><\/a><\/p>\n","protected":false},"author":1,"featured_media":0,"parent":0,"menu_order":0,"comment_status":"closed","ping_status":"open","template":"","meta":[],"_links":{"self":[{"href":"https:\/\/apartment-mateo.com\/hr\/wp-json\/wp\/v2\/pages\/210"}],"collection":[{"href":"https:\/\/apartment-mateo.com\/hr\/wp-json\/wp\/v2\/pages"}],"about":[{"href":"https:\/\/apartment-mateo.com\/hr\/wp-json\/wp\/v2\/types\/page"}],"author":[{"embeddable":true,"href":"https:\/\/apartment-mateo.com\/hr\/wp-json\/wp\/v2\/users\/1"}],"replies":[{"embeddable":true,"href":"https:\/\/apartment-mateo.com\/hr\/wp-json\/wp\/v2\/comments?post=210"}],"version-history":[{"count":2,"href":"https:\/\/apartment-mateo.com\/hr\/wp-json\/wp\/v2\/pages\/210\/revisions"}],"predecessor-version":[{"id":339,"href":"https:\/\/apartment-mateo.com\/hr\/wp-json\/wp\/v2\/pages\/210\/revisions\/339"}],"wp:attachment":[{"href":"https:\/\/apartment-mateo.com\/hr\/wp-json\/wp\/v2\/media?parent=210"}],"curies":[{"name":"wp","href":"https:\/\/api.w.org\/{rel}","templated":true}]}}