{"id":188,"date":"2017-03-30T17:12:03","date_gmt":"2017-03-30T17:12:03","guid":{"rendered":"https:\/\/apartment-mateo.com\/hr\/?page_id=188"},"modified":"2017-03-30T17:12:03","modified_gmt":"2017-03-30T17:12:03","slug":"kontakt","status":"publish","type":"page","link":"https:\/\/apartment-mateo.com\/hr\/kontakt\/","title":{"rendered":"Kontakt"},"content":{"rendered":"<p><strong>Apartmani Mateo, Ba\u0161ka Voda, Hrvatska<\/strong><\/p>\n<p><strong>Tel:<\/strong> +385 (0) 21 620 464<br \/>\n<strong>Fax:<\/strong> +385 (0) 21 620 623<br \/>\n<strong>Mob.<\/strong> +385 98 393 563 &#8211; Dra\u017een \/ <img decoding=\"async\" loading=\"lazy\" class=\"alignnone size-full wp-image-163\" src=\"https:\/\/apartment-mateo.com\/wp-content\/uploads\/2017\/03\/viber.png\" alt=\"\" width=\"16\" height=\"16\" \/> Viber \/ <img decoding=\"async\" loading=\"lazy\" class=\"alignnone size-medium wp-image-164\" src=\"https:\/\/apartment-mateo.com\/wp-content\/uploads\/2017\/03\/whatsapp-logo.png\" alt=\"\" width=\"16\" height=\"16\" \/> WhatsApp<\/p>\n<p>&nbsp;<\/p>\n<p><strong>Adresa:<\/strong><br \/>\nFra. A. K. Mio\u0161i\u0107a 15<br \/>\n21320 Ba\u0161ka Voda<br \/>\nHrvatska<\/p>\n<p>&nbsp;<\/p>\n\n<div class=\"wpcf7 no-js\" id=\"wpcf7-f172-o1\" lang=\"en-US\" dir=\"ltr\">\n<div class=\"screen-reader-response\"><p role=\"status\" aria-live=\"polite\" aria-atomic=\"true\"><\/p> <ul><\/ul><\/div>\n<form action=\"\/hr\/wp-json\/wp\/v2\/pages\/188#wpcf7-f172-o1\" method=\"post\" class=\"wpcf7-form init\" aria-label=\"Contact form\" novalidate=\"novalidate\" data-status=\"init\">\n<div style=\"display: none;\">\n<input type=\"hidden\" name=\"_wpcf7\" value=\"172\" \/>\n<input type=\"hidden\" name=\"_wpcf7_version\" value=\"5.7.7\" \/>\n<input type=\"hidden\" name=\"_wpcf7_locale\" value=\"en_US\" \/>\n<input type=\"hidden\" name=\"_wpcf7_unit_tag\" value=\"wpcf7-f172-o1\" \/>\n<input type=\"hidden\" name=\"_wpcf7_container_post\" value=\"0\" \/>\n<input type=\"hidden\" name=\"_wpcf7_posted_data_hash\" value=\"\" \/>\n<\/div>\n<p><label> Va\u0161e ime (obavezno)<br \/>\n<span class=\"wpcf7-form-control-wrap\" data-name=\"your-name\"><input size=\"40\" class=\"wpcf7-form-control wpcf7-text wpcf7-validates-as-required\" aria-required=\"true\" aria-invalid=\"false\" value=\"\" type=\"text\" name=\"your-name\" \/><\/span> <\/label>\n<\/p>\n<p><label> Va\u0161 telefon (obavezno)<br \/>\n<span class=\"wpcf7-form-control-wrap\" data-name=\"tel-693\"><input size=\"40\" class=\"wpcf7-form-control wpcf7-text wpcf7-tel wpcf7-validates-as-required wpcf7-validates-as-tel\" aria-required=\"true\" aria-invalid=\"false\" value=\"\" type=\"tel\" name=\"tel-693\" \/><\/span> <\/label>\n<\/p>\n<p><label> Va\u0161 E-mail (obavezno)<br \/>\n<span class=\"wpcf7-form-control-wrap\" data-name=\"your-email\"><input size=\"40\" class=\"wpcf7-form-control wpcf7-text wpcf7-email wpcf7-validates-as-required wpcf7-validates-as-email\" aria-required=\"true\" aria-invalid=\"false\" value=\"\" type=\"email\" name=\"your-email\" \/><\/span> <\/label>\n<\/p>\n<p><label> Tema<br \/>\n<span class=\"wpcf7-form-control-wrap\" data-name=\"your-subject\"><input size=\"40\" class=\"wpcf7-form-control wpcf7-text\" aria-invalid=\"false\" value=\"\" type=\"text\" name=\"your-subject\" \/><\/span> <\/label>\n<\/p>\n<p><label> Va\u0161a poruka<br \/>\n<span class=\"wpcf7-form-control-wrap\" data-name=\"your-message\"><textarea cols=\"40\" rows=\"10\" class=\"wpcf7-form-control wpcf7-textarea\" aria-invalid=\"false\" name=\"your-message\"><\/textarea><\/span> <\/label>\n<\/p>\n<p><input class=\"wpcf7-form-control has-spinner wpcf7-submit\" type=\"submit\" value=\"Po\u0161alji\" \/>\n<\/p><div class=\"wpcf7-response-output\" aria-hidden=\"true\"><\/div>\n<\/form>\n<\/div>\n\n","protected":false},"excerpt":{"rendered":"<p>Apartmani Mateo, Ba\u0161ka Voda, Hrvatska Tel: +385 (0) 21 620 464 Fax: +385 (0) 21 620 623 Mob. +385 98 393 563 &#8211; Dra\u017een \/ Viber \/ WhatsApp &nbsp; Adresa: Fra. A. K. Mio\u0161i\u0107a 15 21320 Ba\u0161ka Voda Hrvatska &nbsp;<\/p>\n","protected":false},"author":1,"featured_media":0,"parent":0,"menu_order":0,"comment_status":"closed","ping_status":"closed","template":"","meta":[],"_links":{"self":[{"href":"https:\/\/apartment-mateo.com\/hr\/wp-json\/wp\/v2\/pages\/188"}],"collection":[{"href":"https:\/\/apartment-mateo.com\/hr\/wp-json\/wp\/v2\/pages"}],"about":[{"href":"https:\/\/apartment-mateo.com\/hr\/wp-json\/wp\/v2\/types\/page"}],"author":[{"embeddable":true,"href":"https:\/\/apartment-mateo.com\/hr\/wp-json\/wp\/v2\/users\/1"}],"replies":[{"embeddable":true,"href":"https:\/\/apartment-mateo.com\/hr\/wp-json\/wp\/v2\/comments?post=188"}],"version-history":[{"count":1,"href":"https:\/\/apartment-mateo.com\/hr\/wp-json\/wp\/v2\/pages\/188\/revisions"}],"predecessor-version":[{"id":189,"href":"https:\/\/apartment-mateo.com\/hr\/wp-json\/wp\/v2\/pages\/188\/revisions\/189"}],"wp:attachment":[{"href":"https:\/\/apartment-mateo.com\/hr\/wp-json\/wp\/v2\/media?parent=188"}],"curies":[{"name":"wp","href":"https:\/\/api.w.org\/{rel}","templated":true}]}}