{"id":208,"date":"2017-03-30T17:18:06","date_gmt":"2017-03-30T17:18:06","guid":{"rendered":"http:\/\/localhost\/apmateo\/de\/?page_id=208"},"modified":"2023-07-05T16:32:00","modified_gmt":"2023-07-05T16:32:00","slug":"willkommen-bei-apartments-mateo","status":"publish","type":"page","link":"https:\/\/apartment-mateo.com\/de\/","title":{"rendered":"Willkommen bei Apartments Mateo!"},"content":{"rendered":"<p>Die Apartments Mateo sind im kleinen mediteranischen Ort Baska Voda gelegen und nur 180 Meter vom wundersch\u00f6nen Kiesstrand mit kristallklarem Meerwasser entfernt. Der Ort ist ideal f\u00fcr alle die eine ruhige Umgebung genie\u00dfen und in der N\u00e4he von Makarska sein wollen.<\/p>\n<p>PoVerbringen Sie unvergessliche Augenblicke am Strand und genie\u00dfen Sie den einzigartigen Charme von Baska Voda.<\/p>\n<p>Das Objekt enth\u00e4lt zwei Apartments mit 6+2 Betten. Die Apartments sind klimatisiert und beinhalten TV, DVD und einen Parkplatz vor dem Haus.<\/p>\n","protected":false},"excerpt":{"rendered":"<p>Die Apartments Mateo sind im kleinen mediteranischen Ort Baska Voda gelegen und nur 180 Meter vom wundersch\u00f6nen Kiesstrand mit kristallklarem Meerwasser entfernt. Der Ort ist ideal f\u00fcr alle die eine ruhige Umgebung genie\u00dfen und in der N\u00e4he von Makarska sein wollen. PoVerbringen Sie unvergessliche Augenblicke am Strand und genie\u00dfen Sie den einzigartigen Charme von Baska &hellip; <\/p>\n<p class=\"link-more\"><a href=\"https:\/\/apartment-mateo.com\/de\/\" class=\"more-link\"><span class=\"screen-reader-text\">&#8220;Willkommen bei Apartments Mateo!&#8221;<\/span> weiterlesen<\/a><\/p>\n","protected":false},"author":1,"featured_media":0,"parent":0,"menu_order":0,"comment_status":"closed","ping_status":"open","template":"","meta":[],"_links":{"self":[{"href":"https:\/\/apartment-mateo.com\/de\/wp-json\/wp\/v2\/pages\/208"}],"collection":[{"href":"https:\/\/apartment-mateo.com\/de\/wp-json\/wp\/v2\/pages"}],"about":[{"href":"https:\/\/apartment-mateo.com\/de\/wp-json\/wp\/v2\/types\/page"}],"author":[{"embeddable":true,"href":"https:\/\/apartment-mateo.com\/de\/wp-json\/wp\/v2\/users\/1"}],"replies":[{"embeddable":true,"href":"https:\/\/apartment-mateo.com\/de\/wp-json\/wp\/v2\/comments?post=208"}],"version-history":[{"count":2,"href":"https:\/\/apartment-mateo.com\/de\/wp-json\/wp\/v2\/pages\/208\/revisions"}],"predecessor-version":[{"id":338,"href":"https:\/\/apartment-mateo.com\/de\/wp-json\/wp\/v2\/pages\/208\/revisions\/338"}],"wp:attachment":[{"href":"https:\/\/apartment-mateo.com\/de\/wp-json\/wp\/v2\/media?parent=208"}],"curies":[{"name":"wp","href":"https:\/\/api.w.org\/{rel}","templated":true}]}}